{"id":777,"date":"2021-11-17T13:03:30","date_gmt":"2021-11-17T12:03:30","guid":{"rendered":"https:\/\/www.skiverleih-stuhleck.at\/shopverleih\/?page_id=777"},"modified":"2021-11-17T13:21:19","modified_gmt":"2021-11-17T12:21:19","slug":"verkauf","status":"publish","type":"page","link":"https:\/\/www.skiverleih-stuhleck.at\/shopverleih\/verkauf\/","title":{"rendered":"Verkauf"},"content":{"rendered":"<p><strong>Unsere Marken:<\/strong><\/p><figure class=\"wp-block-image size-large\"><img loading=\"lazy\" decoding=\"async\" width=\"1024\" height=\"128\" src=\"https:\/\/www.skiverleih-stuhleck.at\/shopverleih\/wp-content\/uploads\/2021\/11\/Skischule-Stuhleck-Verkauf1-1024x128.png\" alt=\"\" class=\"wp-image-780\" srcset=\"https:\/\/www.skiverleih-stuhleck.at\/shopverleih\/wp-content\/uploads\/2021\/11\/Skischule-Stuhleck-Verkauf1-1024x128.png 1024w, https:\/\/www.skiverleih-stuhleck.at\/shopverleih\/wp-content\/uploads\/2021\/11\/Skischule-Stuhleck-Verkauf1-300x38.png 300w, https:\/\/www.skiverleih-stuhleck.at\/shopverleih\/wp-content\/uploads\/2021\/11\/Skischule-Stuhleck-Verkauf1-768x96.png 768w, https:\/\/www.skiverleih-stuhleck.at\/shopverleih\/wp-content\/uploads\/2021\/11\/Skischule-Stuhleck-Verkauf1-600x75.png 600w, https:\/\/www.skiverleih-stuhleck.at\/shopverleih\/wp-content\/uploads\/2021\/11\/Skischule-Stuhleck-Verkauf1.png 1363w\" sizes=\"auto, (max-width: 1024px) 100vw, 1024px\" \/><\/figure><figure class=\"wp-block-image size-large\"><img loading=\"lazy\" decoding=\"async\" width=\"1024\" height=\"62\" src=\"https:\/\/www.skiverleih-stuhleck.at\/shopverleih\/wp-content\/uploads\/2021\/11\/Skischule-Stuhleck-Verkauf2-1024x62.png\" alt=\"\" class=\"wp-image-781\" srcset=\"https:\/\/www.skiverleih-stuhleck.at\/shopverleih\/wp-content\/uploads\/2021\/11\/Skischule-Stuhleck-Verkauf2-1024x62.png 1024w, https:\/\/www.skiverleih-stuhleck.at\/shopverleih\/wp-content\/uploads\/2021\/11\/Skischule-Stuhleck-Verkauf2-300x18.png 300w, https:\/\/www.skiverleih-stuhleck.at\/shopverleih\/wp-content\/uploads\/2021\/11\/Skischule-Stuhleck-Verkauf2-768x47.png 768w, https:\/\/www.skiverleih-stuhleck.at\/shopverleih\/wp-content\/uploads\/2021\/11\/Skischule-Stuhleck-Verkauf2-600x37.png 600w, https:\/\/www.skiverleih-stuhleck.at\/shopverleih\/wp-content\/uploads\/2021\/11\/Skischule-Stuhleck-Verkauf2.png 1363w\" sizes=\"auto, (max-width: 1024px) 100vw, 1024px\" \/><\/figure><div style=\"height:30px\" aria-hidden=\"true\" class=\"wp-block-spacer\"><\/div><div class=\"wp-block-columns is-layout-flex wp-container-core-columns-is-layout-9d6595d7 wp-block-columns-is-layout-flex\"><div class=\"wp-block-column block-verkauf has-background is-layout-flow wp-block-column-is-layout-flow\" style=\"background-color:#e7f3fc\"><ul class=\"wp-block-list\"><li>Ski<\/li><li>Snowboards<\/li><li>Skischuhe<\/li><li>Snowboardschuhe<\/li><li>St\u00f6cke<\/li><li>Bindungen<\/li><li>Ersatzteile<\/li><li>Fangriemen<\/li><li>Skitaschen<\/li><\/ul><\/div>\n\n<div class=\"wp-block-column block-verkauf has-background is-layout-flow wp-block-column-is-layout-flow\" style=\"background-color:#e7f3fc\"><ul class=\"block-verkauf wp-block-list\"><li>Skibekleidung<\/li><li>Handschuhe<\/li><li>Skibrillen<\/li><li>Sturmhauben<\/li><li>Socken<\/li><li>F\u00e4ustlinge<\/li><li>Schals<\/li><li>M\u00fctzen<\/li><li>Stirnb\u00e4nder<\/li><li>Halst\u00fccher<\/li><\/ul><\/div>\n\n<div class=\"wp-block-column block-verkauf has-background is-layout-flow wp-block-column-is-layout-flow\" style=\"background-color:#e7f3fc\"><ul class=\"wp-block-list\"><li>Souvenirs<\/li><li>Wachs<\/li><li>Pistenpl\u00e4ne<\/li><li>K\u00e4lteschutz<\/li><li>Helmohren<\/li><li>Sonnencreme<\/li><li>Spielwaren<\/li><\/ul><\/div><\/div>","protected":false},"excerpt":{"rendered":"<p>Unsere Marken: Ski Snowboards Skischuhe Snowboardschuhe St\u00f6cke Bindungen Ersatzteile Fangriemen Skitaschen Skibekleidung Handschuhe Skibrillen Sturmhauben Socken F\u00e4ustlinge Schals M\u00fctzen Stirnb\u00e4nder Halst\u00fccher Souvenirs Wachs Pistenpl\u00e4ne K\u00e4lteschutz Helmohren Sonnencreme Spielwaren<\/p>\n","protected":false},"author":1,"featured_media":0,"parent":0,"menu_order":0,"comment_status":"closed","ping_status":"closed","template":"page-sonstiges.php","meta":{"footnotes":""},"class_list":["post-777","page","type-page","status-publish","hentry"],"_links":{"self":[{"href":"https:\/\/www.skiverleih-stuhleck.at\/shopverleih\/wp-json\/wp\/v2\/pages\/777","targetHints":{"allow":["GET"]}}],"collection":[{"href":"https:\/\/www.skiverleih-stuhleck.at\/shopverleih\/wp-json\/wp\/v2\/pages"}],"about":[{"href":"https:\/\/www.skiverleih-stuhleck.at\/shopverleih\/wp-json\/wp\/v2\/types\/page"}],"author":[{"embeddable":true,"href":"https:\/\/www.skiverleih-stuhleck.at\/shopverleih\/wp-json\/wp\/v2\/users\/1"}],"replies":[{"embeddable":true,"href":"https:\/\/www.skiverleih-stuhleck.at\/shopverleih\/wp-json\/wp\/v2\/comments?post=777"}],"version-history":[{"count":4,"href":"https:\/\/www.skiverleih-stuhleck.at\/shopverleih\/wp-json\/wp\/v2\/pages\/777\/revisions"}],"predecessor-version":[{"id":7100,"href":"https:\/\/www.skiverleih-stuhleck.at\/shopverleih\/wp-json\/wp\/v2\/pages\/777\/revisions\/7100"}],"wp:attachment":[{"href":"https:\/\/www.skiverleih-stuhleck.at\/shopverleih\/wp-json\/wp\/v2\/media?parent=777"}],"curies":[{"name":"wp","href":"https:\/\/api.w.org\/{rel}","templated":true}]}}