{"id":751,"date":"2021-11-17T10:33:13","date_gmt":"2021-11-17T09:33:13","guid":{"rendered":"https:\/\/www.skiverleih-stuhleck.at\/shopverleih\/?page_id=751"},"modified":"2021-11-17T11:23:33","modified_gmt":"2021-11-17T10:23:33","slug":"service","status":"publish","type":"page","link":"https:\/\/www.skiverleih-stuhleck.at\/shopverleih\/service\/","title":{"rendered":"Service"},"content":{"rendered":"<div class=\"wp-block-columns is-layout-flex wp-container-core-columns-is-layout-9d6595d7 wp-block-columns-is-layout-flex\"><div class=\"wp-block-column is-layout-flow wp-block-column-is-layout-flow\"><p><strong>Ski &#8211; Snowboard &#8211; Tourenski &#8211; Snowblades<\/strong><\/p>\n\n<div style=\"height:20px\" aria-hidden=\"true\" class=\"wp-block-spacer\"><\/div>\n\n<p>Starten Sie mit frischem Service ins sportliche Vergn\u00fcgen.<br>Unser erfahrenes Serviceteam bietet Ihnen ein individuelles Service f\u00fcr Ihre Ausr\u00fcstung.<\/p>\n\n<div style=\"height:20px\" aria-hidden=\"true\" class=\"wp-block-spacer\"><\/div>\n\n<p>Mit unseren flexiblen Servicemaschinen der neuesten Generation l\u00e4sst sich jeder Service genau an Ihre pers\u00f6nlichen Anspr\u00fcche anpassen. Ob Wachsservice f\u00fcr verschiedene Schneearten, Belagsprofile f\u00fcr optimale Gleiteigenschaften, idealer Kantenschliff f\u00fcr punktgenaues Carven, oder das sanfte Basicservice f\u00fcr gem\u00fctliche H\u00fcttenpendler- wir machen f\u00fcr Jeden das passende Service.<\/p>\n\n<div style=\"height:20px\" aria-hidden=\"true\" class=\"wp-block-spacer\"><\/div>\n\n<p>Nutzen Sie unsere Angebote f\u00fcr Bindungseinstellungen, Montagen und die&nbsp;<strong>elektronische Bindungs\u00fcberpr\u00fcfung mit Pr\u00fcfsiegel*<\/strong>.<br><\/p>\n\n<div style=\"height:5px\" aria-hidden=\"true\" class=\"wp-block-spacer\"><\/div>\n\n<figure class=\"wp-block-image size-full is-resized\"><a href=\"https:\/\/www.vsso.at\/pruefsiegel\/\" target=\"_blank\" rel=\"noopener\"><img loading=\"lazy\" decoding=\"async\" src=\"https:\/\/www.skiverleih-stuhleck.at\/shopverleih\/wp-content\/uploads\/2021\/11\/Bindung-Pruefsiegel.png\" alt=\"\" class=\"wp-image-760\" width=\"100\" height=\"100\" srcset=\"https:\/\/www.skiverleih-stuhleck.at\/shopverleih\/wp-content\/uploads\/2021\/11\/Bindung-Pruefsiegel.png 480w, https:\/\/www.skiverleih-stuhleck.at\/shopverleih\/wp-content\/uploads\/2021\/11\/Bindung-Pruefsiegel-300x300.png 300w, https:\/\/www.skiverleih-stuhleck.at\/shopverleih\/wp-content\/uploads\/2021\/11\/Bindung-Pruefsiegel-150x150.png 150w, https:\/\/www.skiverleih-stuhleck.at\/shopverleih\/wp-content\/uploads\/2021\/11\/Bindung-Pruefsiegel-100x100.png 100w\" sizes=\"auto, (max-width: 100px) 100vw, 100px\" \/><\/a><\/figure><\/div>\n\n<div class=\"wp-block-column is-layout-flow wp-block-column-is-layout-flow\"><figure class=\"wp-block-image size-large\"><img loading=\"lazy\" decoding=\"async\" width=\"1024\" height=\"566\" src=\"https:\/\/www.skiverleih-stuhleck.at\/shopverleih\/wp-content\/uploads\/2021\/11\/Elektronisch-Bindungsueberpruefung-1024x566.jpg\" alt=\"\" class=\"wp-image-756\" srcset=\"https:\/\/www.skiverleih-stuhleck.at\/shopverleih\/wp-content\/uploads\/2021\/11\/Elektronisch-Bindungsueberpruefung-1024x566.jpg 1024w, https:\/\/www.skiverleih-stuhleck.at\/shopverleih\/wp-content\/uploads\/2021\/11\/Elektronisch-Bindungsueberpruefung-300x166.jpg 300w, https:\/\/www.skiverleih-stuhleck.at\/shopverleih\/wp-content\/uploads\/2021\/11\/Elektronisch-Bindungsueberpruefung-768x425.jpg 768w, https:\/\/www.skiverleih-stuhleck.at\/shopverleih\/wp-content\/uploads\/2021\/11\/Elektronisch-Bindungsueberpruefung-1536x849.jpg 1536w, https:\/\/www.skiverleih-stuhleck.at\/shopverleih\/wp-content\/uploads\/2021\/11\/Elektronisch-Bindungsueberpruefung-600x332.jpg 600w, https:\/\/www.skiverleih-stuhleck.at\/shopverleih\/wp-content\/uploads\/2021\/11\/Elektronisch-Bindungsueberpruefung.jpg 1852w\" sizes=\"auto, (max-width: 1024px) 100vw, 1024px\" \/><figcaption>Foto: \u00a9 Wintersteiger<\/figcaption><\/figure><\/div><\/div><div class=\"wp-block-columns is-layout-flex wp-container-core-columns-is-layout-9d6595d7 wp-block-columns-is-layout-flex\"><div class=\"wp-block-column is-layout-flow wp-block-column-is-layout-flow\"><ul class=\"wp-block-list\"><li>Wachsen: 7,- \u20ac<\/li><li>Kanten schleifen: 12,- \u20ac<\/li><li>Kanten und Wachsen: 18,- \u20ac<\/li><li>Vollservice (Belag, Struktur, Kanten, Wachs): 35,- \u20ac<\/li><li>Bindung einstellen: 5,- \u20ac<\/li><li><strong>Elektronische Bindungspr\u00fcfung mit Pr\u00fcfsiegel: 12,- \u20ac<\/strong><\/li><li>Bindungsmontage: 16,- \u20ac<\/li><li>Bindungsummontage: 18,- \u20ac<\/li><\/ul>\n\n<div style=\"height:20px\" aria-hidden=\"true\" class=\"wp-block-spacer\"><\/div>\n\n<p>*Das Pr\u00fcfsiegel garantiert Ihnen f\u00fcr die jeweilige Saison die Sicherheit und Funktionalit\u00e4t ihrer Bindung gem\u00e4\u00df \u00d6-Norm ISO11088\/13993, und kann z.B. nach einem Unfall o.\u00c4. hilfreich sein. Siehe auch: <a rel=\"noreferrer noopener\" href=\"https:\/\/www.vsso.at\/pruefsiegel\" target=\"_blank\">https:\/\/www.vsso.at\/pruefsiegel<\/a>)<\/p><\/div>\n\n<div class=\"wp-block-column is-layout-flow wp-block-column-is-layout-flow\"><figure class=\"wp-block-image size-full\"><img loading=\"lazy\" decoding=\"async\" width=\"1000\" height=\"668\" src=\"https:\/\/www.skiverleih-stuhleck.at\/shopverleih\/wp-content\/uploads\/2021\/11\/ski-service.jpg\" alt=\"\" class=\"wp-image-759\" srcset=\"https:\/\/www.skiverleih-stuhleck.at\/shopverleih\/wp-content\/uploads\/2021\/11\/ski-service.jpg 1000w, https:\/\/www.skiverleih-stuhleck.at\/shopverleih\/wp-content\/uploads\/2021\/11\/ski-service-300x200.jpg 300w, https:\/\/www.skiverleih-stuhleck.at\/shopverleih\/wp-content\/uploads\/2021\/11\/ski-service-768x513.jpg 768w, https:\/\/www.skiverleih-stuhleck.at\/shopverleih\/wp-content\/uploads\/2021\/11\/ski-service-600x401.jpg 600w\" sizes=\"auto, (max-width: 1000px) 100vw, 1000px\" \/><\/figure><\/div><\/div>","protected":false},"excerpt":{"rendered":"<p>Ski &#8211; Snowboard &#8211; Tourenski &#8211; Snowblades Starten Sie mit frischem Service ins sportliche Vergn\u00fcgen.Unser erfahrenes Serviceteam bietet Ihnen ein individuelles Service f\u00fcr Ihre Ausr\u00fcstung. Mit unseren flexiblen Servicemaschinen der neuesten Generation l\u00e4sst sich jeder Service genau an Ihre pers\u00f6nlichen Anspr\u00fcche anpassen. Ob Wachsservice f\u00fcr verschiedene Schneearten, Belagsprofile f\u00fcr optimale Gleiteigenschaften, idealer Kantenschliff f\u00fcr punktgenaues [&hellip;]<\/p>\n","protected":false},"author":1,"featured_media":0,"parent":0,"menu_order":0,"comment_status":"closed","ping_status":"closed","template":"page-sonstiges.php","meta":{"footnotes":""},"class_list":["post-751","page","type-page","status-publish","hentry"],"_links":{"self":[{"href":"https:\/\/www.skiverleih-stuhleck.at\/shopverleih\/wp-json\/wp\/v2\/pages\/751","targetHints":{"allow":["GET"]}}],"collection":[{"href":"https:\/\/www.skiverleih-stuhleck.at\/shopverleih\/wp-json\/wp\/v2\/pages"}],"about":[{"href":"https:\/\/www.skiverleih-stuhleck.at\/shopverleih\/wp-json\/wp\/v2\/types\/page"}],"author":[{"embeddable":true,"href":"https:\/\/www.skiverleih-stuhleck.at\/shopverleih\/wp-json\/wp\/v2\/users\/1"}],"replies":[{"embeddable":true,"href":"https:\/\/www.skiverleih-stuhleck.at\/shopverleih\/wp-json\/wp\/v2\/comments?post=751"}],"version-history":[{"count":3,"href":"https:\/\/www.skiverleih-stuhleck.at\/shopverleih\/wp-json\/wp\/v2\/pages\/751\/revisions"}],"predecessor-version":[{"id":776,"href":"https:\/\/www.skiverleih-stuhleck.at\/shopverleih\/wp-json\/wp\/v2\/pages\/751\/revisions\/776"}],"wp:attachment":[{"href":"https:\/\/www.skiverleih-stuhleck.at\/shopverleih\/wp-json\/wp\/v2\/media?parent=751"}],"curies":[{"name":"wp","href":"https:\/\/api.w.org\/{rel}","templated":true}]}}